{"id":118,"date":"2016-03-31T18:55:22","date_gmt":"2016-03-31T17:55:22","guid":{"rendered":"http:\/\/www.nelen.cz\/?page_id=118"},"modified":"2016-03-31T18:55:22","modified_gmt":"2016-03-31T17:55:22","slug":"pavel-studenik","status":"publish","type":"page","link":"https:\/\/www.nelen.cz\/2015\/ucinkujici\/technologie\/pavel-studenik\/","title":{"rendered":"Ing. Pavel Studen\u00edk"},"content":{"rendered":"<p><img loading=\"lazy\" decoding=\"async\" class=\"size-medium wp-image-48 alignright\" src=\"http:\/\/www.nelen.cz\/2015\/wp-content\/uploads\/sites\/2\/2016\/03\/studenik_pavel-200x300.jpg\" alt=\"studenik_pavel\" width=\"200\" height=\"300\" \/><\/p>\n<p>Quality Engineer<\/p>\n<p>P\u0159edm\u011btem m\u00e9ho studia bylo rozpozn\u00e1v\u00e1n\u00ed \u0159e\u010di a obrazu v oboru IT, ve sv\u00e9m voln\u00e9m \u010dase se zab\u00fdv\u00e1m v\u00fdvojem interaktivn\u00edch aplikac\u00ed, studoval jsem FIT na VUTbr. Jsem zam\u011bstn\u00e1n v zahrani\u010dn\u00edm firm\u011b Red Hat, kde se zab\u00fdv\u00e1me Linux Enterprise Solution pro velk\u00e9 spole\u010dnosti. Douf\u00e1m, \u017ee jednou se mi poda\u0159\u00ed rozjet vlastn\u00ed startup a u\u017eivit j\u00edm malou firmu.<\/p>\n","protected":false},"excerpt":{"rendered":"<p>Quality Engineer P\u0159edm\u011btem m\u00e9ho studia bylo rozpozn\u00e1v\u00e1n\u00ed \u0159e\u010di a obrazu v oboru IT, ve sv\u00e9m voln\u00e9m \u010dase se zab\u00fdv\u00e1m v\u00fdvojem interaktivn\u00edch aplikac\u00ed, studoval jsem FIT na VUTbr. Jsem zam\u011bstn\u00e1n v zahrani\u010dn\u00edm firm\u011b Red Hat, kde se zab\u00fdv\u00e1me Linux Enterprise Solution pro velk\u00e9 spole\u010dnosti. Douf\u00e1m, \u017ee jednou se mi poda\u0159\u00ed rozjet vlastn\u00ed startup a u\u017eivit j\u00edm [&hellip;]<\/p>\n","protected":false},"author":1,"featured_media":0,"parent":114,"menu_order":0,"comment_status":"closed","ping_status":"closed","template":"","meta":{"_acf_changed":false,"footnotes":""},"class_list":["post-118","page","type-page","status-publish","hentry"],"acf":[],"_links":{"self":[{"href":"https:\/\/www.nelen.cz\/2015\/wp-json\/wp\/v2\/pages\/118","targetHints":{"allow":["GET"]}}],"collection":[{"href":"https:\/\/www.nelen.cz\/2015\/wp-json\/wp\/v2\/pages"}],"about":[{"href":"https:\/\/www.nelen.cz\/2015\/wp-json\/wp\/v2\/types\/page"}],"author":[{"embeddable":true,"href":"https:\/\/www.nelen.cz\/2015\/wp-json\/wp\/v2\/users\/1"}],"replies":[{"embeddable":true,"href":"https:\/\/www.nelen.cz\/2015\/wp-json\/wp\/v2\/comments?post=118"}],"version-history":[{"count":0,"href":"https:\/\/www.nelen.cz\/2015\/wp-json\/wp\/v2\/pages\/118\/revisions"}],"up":[{"embeddable":true,"href":"https:\/\/www.nelen.cz\/2015\/wp-json\/wp\/v2\/pages\/114"}],"wp:attachment":[{"href":"https:\/\/www.nelen.cz\/2015\/wp-json\/wp\/v2\/media?parent=118"}],"curies":[{"name":"wp","href":"https:\/\/api.w.org\/{rel}","templated":true}]}}