{"id":126,"date":"2016-03-31T18:58:22","date_gmt":"2016-03-31T17:58:22","guid":{"rendered":"http:\/\/www.nelen.cz\/?page_id=126"},"modified":"2016-03-31T18:58:22","modified_gmt":"2016-03-31T17:58:22","slug":"tomas-zemanek","status":"publish","type":"page","link":"https:\/\/www.nelen.cz\/2015\/ucinkujici\/technologie\/tomas-zemanek\/","title":{"rendered":"Ing. Tom\u00e1\u0161 Zem\u00e1nek"},"content":{"rendered":"<p><img loading=\"lazy\" decoding=\"async\" class=\"size-medium wp-image-51 alignright\" src=\"http:\/\/www.nelen.cz\/2015\/wp-content\/uploads\/sites\/2\/2016\/03\/zemanek_tomas-200x300.jpg\" alt=\"zemanek_tomas\" width=\"200\" height=\"300\" \/><\/p>\n<p>v\u00fdvoj\u00e1\u0159 softwaru pro CNC<\/p>\n<p>Zab\u00fdv\u00e1m se v\u00fdvojem real-time syst\u00e9mu, kte\u0159\u00ed \u0159\u00edd\u00ed CNC stroje. V r\u00e1mci syst\u00e9mu jsem nejv\u00edce zodpov\u011bdn\u00fd za v\u00fdvoj modulu kter\u00fd sleduje pohyb CNC stroje a nap\u0159\u00edklad br\u00e1n\u00ed koliz\u00edm s ostatn\u00edmi CNC stroji a jin\u00fdmi objekty. D\u00e1le jsem zodpov\u011bdn\u00fd za m\u011b\u0159en\u00ed v\u00fdkonu na\u0161eho syst\u00e9mu a ob\u010das pom\u00e1h\u00e1m s v\u00fdvojem nov\u00fdch typ\u016f mechanismu kter\u00e9 dosud v na\u0161em syst\u00e9mu nejsou. Oblast ve kter\u00e9 se profesn\u011b pohybuji jsem studoval v oboru Mechatronika na Stroj\u00edrensk\u00e9 Fakult\u011b VUT. Nev\u00edm jak\u00e9 \u00fasp\u011bchy jmenovat, proto\u017ee jsem zast\u00e1ncem toho, \u017ee \u010dlov\u011bk by se nem\u011bl d\u00edvat na dosa\u017een\u00e9 \u00fasp\u011bchy ale sp\u00ed\u0161e po jak\u00e9 cest\u011b jde.<\/p>\n","protected":false},"excerpt":{"rendered":"<p>v\u00fdvoj\u00e1\u0159 softwaru pro CNC Zab\u00fdv\u00e1m se v\u00fdvojem real-time syst\u00e9mu, kte\u0159\u00ed \u0159\u00edd\u00ed CNC stroje. V r\u00e1mci syst\u00e9mu jsem nejv\u00edce zodpov\u011bdn\u00fd za v\u00fdvoj modulu kter\u00fd sleduje pohyb CNC stroje a nap\u0159\u00edklad br\u00e1n\u00ed koliz\u00edm s ostatn\u00edmi CNC stroji a jin\u00fdmi objekty. D\u00e1le jsem zodpov\u011bdn\u00fd za m\u011b\u0159en\u00ed v\u00fdkonu na\u0161eho syst\u00e9mu a ob\u010das pom\u00e1h\u00e1m s v\u00fdvojem nov\u00fdch typ\u016f mechanismu kter\u00e9 [&hellip;]<\/p>\n","protected":false},"author":1,"featured_media":0,"parent":114,"menu_order":0,"comment_status":"closed","ping_status":"closed","template":"","meta":{"_acf_changed":false,"footnotes":""},"class_list":["post-126","page","type-page","status-publish","hentry"],"acf":[],"_links":{"self":[{"href":"https:\/\/www.nelen.cz\/2015\/wp-json\/wp\/v2\/pages\/126","targetHints":{"allow":["GET"]}}],"collection":[{"href":"https:\/\/www.nelen.cz\/2015\/wp-json\/wp\/v2\/pages"}],"about":[{"href":"https:\/\/www.nelen.cz\/2015\/wp-json\/wp\/v2\/types\/page"}],"author":[{"embeddable":true,"href":"https:\/\/www.nelen.cz\/2015\/wp-json\/wp\/v2\/users\/1"}],"replies":[{"embeddable":true,"href":"https:\/\/www.nelen.cz\/2015\/wp-json\/wp\/v2\/comments?post=126"}],"version-history":[{"count":0,"href":"https:\/\/www.nelen.cz\/2015\/wp-json\/wp\/v2\/pages\/126\/revisions"}],"up":[{"embeddable":true,"href":"https:\/\/www.nelen.cz\/2015\/wp-json\/wp\/v2\/pages\/114"}],"wp:attachment":[{"href":"https:\/\/www.nelen.cz\/2015\/wp-json\/wp\/v2\/media?parent=126"}],"curies":[{"name":"wp","href":"https:\/\/api.w.org\/{rel}","templated":true}]}}