{"id":130,"date":"2016-03-31T18:59:58","date_gmt":"2016-03-31T17:59:58","guid":{"rendered":"http:\/\/www.nelen.cz\/?page_id=130"},"modified":"2016-03-31T18:59:58","modified_gmt":"2016-03-31T17:59:58","slug":"stepan-hrabovsky","status":"publish","type":"page","link":"https:\/\/www.nelen.cz\/2015\/ucinkujici\/mimo-sekce\/stepan-hrabovsky\/","title":{"rendered":"Bc. \u0160t\u011bp\u00e1n Hrabovsk\u00fd"},"content":{"rendered":"<p><img loading=\"lazy\" decoding=\"async\" class=\"size-medium wp-image-33 alignright\" src=\"http:\/\/www.nelen.cz\/2015\/wp-content\/uploads\/sites\/2\/2016\/03\/hrabovsky_stepan-200x300.jpg\" alt=\"hrabovsky_stepan\" width=\"200\" height=\"300\" \/><\/p>\n<p>student N\u00e1bytkov\u00e9ho in\u017een\u00fdrstv\u00ed na Mendelov\u011b Univerzit\u011b v Brn\u011b<\/p>\n<p>Studuji posledn\u00ed rok N\u00e1bytkov\u00e9ho in\u017een\u00fdrstv\u00ed s t\u00edm, \u017ee jsem si studium prolo\u017eil zahrani\u010dn\u00edm studijn\u00edm pobytem ve Slovinsku a zahrani\u010dn\u00ed st\u00e1\u017e\u00ed v Holandsku. D\u00e1le jsem jedn\u00edm z \u010dlen\u016f nez\u00e1visl\u00e9ho uskupen\u00ed HAW, kter\u00e9 pravideln\u011b po\u0159\u00e1d\u00e1 koncerty kapel z alternativn\u00ed sc\u00e9ny. Po \u0161kole p\u0159em\u00fd\u0161l\u00edm nad prac\u00ed na voln\u00e9 noze.<\/p>\n","protected":false},"excerpt":{"rendered":"<p>student N\u00e1bytkov\u00e9ho in\u017een\u00fdrstv\u00ed na Mendelov\u011b Univerzit\u011b v Brn\u011b Studuji posledn\u00ed rok N\u00e1bytkov\u00e9ho in\u017een\u00fdrstv\u00ed s t\u00edm, \u017ee jsem si studium prolo\u017eil zahrani\u010dn\u00edm studijn\u00edm pobytem ve Slovinsku a zahrani\u010dn\u00ed st\u00e1\u017e\u00ed v Holandsku. D\u00e1le jsem jedn\u00edm z \u010dlen\u016f nez\u00e1visl\u00e9ho uskupen\u00ed HAW, kter\u00e9 pravideln\u011b po\u0159\u00e1d\u00e1 koncerty kapel z alternativn\u00ed sc\u00e9ny. Po \u0161kole p\u0159em\u00fd\u0161l\u00edm nad prac\u00ed na voln\u00e9 noze.<\/p>\n","protected":false},"author":1,"featured_media":0,"parent":128,"menu_order":0,"comment_status":"closed","ping_status":"closed","template":"","meta":{"_acf_changed":false,"footnotes":""},"class_list":["post-130","page","type-page","status-publish","hentry"],"acf":[],"_links":{"self":[{"href":"https:\/\/www.nelen.cz\/2015\/wp-json\/wp\/v2\/pages\/130","targetHints":{"allow":["GET"]}}],"collection":[{"href":"https:\/\/www.nelen.cz\/2015\/wp-json\/wp\/v2\/pages"}],"about":[{"href":"https:\/\/www.nelen.cz\/2015\/wp-json\/wp\/v2\/types\/page"}],"author":[{"embeddable":true,"href":"https:\/\/www.nelen.cz\/2015\/wp-json\/wp\/v2\/users\/1"}],"replies":[{"embeddable":true,"href":"https:\/\/www.nelen.cz\/2015\/wp-json\/wp\/v2\/comments?post=130"}],"version-history":[{"count":0,"href":"https:\/\/www.nelen.cz\/2015\/wp-json\/wp\/v2\/pages\/130\/revisions"}],"up":[{"embeddable":true,"href":"https:\/\/www.nelen.cz\/2015\/wp-json\/wp\/v2\/pages\/128"}],"wp:attachment":[{"href":"https:\/\/www.nelen.cz\/2015\/wp-json\/wp\/v2\/media?parent=130"}],"curies":[{"name":"wp","href":"https:\/\/api.w.org\/{rel}","templated":true}]}}