{"id":150,"date":"2016-03-31T19:09:16","date_gmt":"2016-03-31T18:09:16","guid":{"rendered":"http:\/\/www.nelen.cz\/?page_id=150"},"modified":"2016-03-31T19:09:16","modified_gmt":"2016-03-31T18:09:16","slug":"nervi-mi-do-ucha","status":"publish","type":"page","link":"https:\/\/www.nelen.cz\/2015\/kapely\/nervi-mi-do-ucha\/","title":{"rendered":"ne\u0159vi mi do ucha"},"content":{"rendered":"<p>Ne\u0159vi mi do ucha sami sebe \u0161katulkuj\u00ed jako introvertn\u00ed disko. Kombinace slovensk\u00e9ho vok\u00e1lu, jednoduch\u00fdch melodi\u00ed a klarinetu \u010di saxof\u00f3nu m\u00edsty opravdu vyz\u00edv\u00e1 k tanci, av\u0161ak melancholie jejich p\u00edsni\u010dek je v\u0161udyp\u0159\u00edtomn\u00e1. Jsme sami zv\u011bdav\u00ed, v jak\u00e9m rozpolo\u017een\u00ed je publikum p\u0159ijme. Budeme tancovat, nebo smutnit?<\/p>\n<p><iframe loading=\"lazy\" title=\"Ne\u0159vi mi do ucha Song 16\" width=\"500\" height=\"281\" src=\"https:\/\/www.youtube.com\/embed\/FkBAqvTknEY?feature=oembed\" frameborder=\"0\" allow=\"accelerometer; autoplay; clipboard-write; encrypted-media; gyroscope; picture-in-picture; web-share\" referrerpolicy=\"strict-origin-when-cross-origin\" allowfullscreen><\/iframe><\/p>\n","protected":false},"excerpt":{"rendered":"<p>Ne\u0159vi mi do ucha sami sebe \u0161katulkuj\u00ed jako introvertn\u00ed disko. Kombinace slovensk\u00e9ho vok\u00e1lu, jednoduch\u00fdch melodi\u00ed a klarinetu \u010di saxof\u00f3nu m\u00edsty opravdu vyz\u00edv\u00e1 k tanci, av\u0161ak melancholie jejich p\u00edsni\u010dek je v\u0161udyp\u0159\u00edtomn\u00e1. Jsme sami zv\u011bdav\u00ed, v jak\u00e9m rozpolo\u017een\u00ed je publikum p\u0159ijme. Budeme tancovat, nebo smutnit?<\/p>\n","protected":false},"author":1,"featured_media":0,"parent":143,"menu_order":0,"comment_status":"closed","ping_status":"closed","template":"","meta":{"_acf_changed":false,"footnotes":""},"class_list":["post-150","page","type-page","status-publish","hentry"],"acf":[],"_links":{"self":[{"href":"https:\/\/www.nelen.cz\/2015\/wp-json\/wp\/v2\/pages\/150","targetHints":{"allow":["GET"]}}],"collection":[{"href":"https:\/\/www.nelen.cz\/2015\/wp-json\/wp\/v2\/pages"}],"about":[{"href":"https:\/\/www.nelen.cz\/2015\/wp-json\/wp\/v2\/types\/page"}],"author":[{"embeddable":true,"href":"https:\/\/www.nelen.cz\/2015\/wp-json\/wp\/v2\/users\/1"}],"replies":[{"embeddable":true,"href":"https:\/\/www.nelen.cz\/2015\/wp-json\/wp\/v2\/comments?post=150"}],"version-history":[{"count":0,"href":"https:\/\/www.nelen.cz\/2015\/wp-json\/wp\/v2\/pages\/150\/revisions"}],"up":[{"embeddable":true,"href":"https:\/\/www.nelen.cz\/2015\/wp-json\/wp\/v2\/pages\/143"}],"wp:attachment":[{"href":"https:\/\/www.nelen.cz\/2015\/wp-json\/wp\/v2\/media?parent=150"}],"curies":[{"name":"wp","href":"https:\/\/api.w.org\/{rel}","templated":true}]}}