{"id":152,"date":"2016-03-31T19:10:00","date_gmt":"2016-03-31T18:10:00","guid":{"rendered":"http:\/\/www.nelen.cz\/?page_id=152"},"modified":"2016-03-31T19:10:00","modified_gmt":"2016-03-31T18:10:00","slug":"morton-mabel","status":"publish","type":"page","link":"https:\/\/www.nelen.cz\/2015\/kapely\/morton-mabel\/","title":{"rendered":"morton mabel"},"content":{"rendered":"<p>Za\u010d\u00ednaj\u00edc\u00ed projekt mlad\u00fdch student\u016f a studentek \u017eij\u00edc\u00edch v Praze je pro Nele\u0148! t\u00edm prav\u00fdm. Do Slavi\u010d\u00edna p\u0159ijedou v premi\u00e9rov\u00e9 sestav\u011b \u2013 piano, violoncello, elektronick\u00e9 aran\u017ee a vok\u00e1ly. Nechme se p\u0159ekvapit jejich aktu\u00e1ln\u00edm reperto\u00e1rem.<\/p>\n<p><iframe loading=\"lazy\" title=\"Run Mabel\" width=\"500\" height=\"281\" src=\"https:\/\/www.youtube.com\/embed\/AN6l9qNs1mE?feature=oembed\" frameborder=\"0\" allow=\"accelerometer; autoplay; clipboard-write; encrypted-media; gyroscope; picture-in-picture; web-share\" referrerpolicy=\"strict-origin-when-cross-origin\" allowfullscreen><\/iframe><\/p>\n","protected":false},"excerpt":{"rendered":"<p>Za\u010d\u00ednaj\u00edc\u00ed projekt mlad\u00fdch student\u016f a studentek \u017eij\u00edc\u00edch v Praze je pro Nele\u0148! t\u00edm prav\u00fdm. Do Slavi\u010d\u00edna p\u0159ijedou v premi\u00e9rov\u00e9 sestav\u011b \u2013 piano, violoncello, elektronick\u00e9 aran\u017ee a vok\u00e1ly. Nechme se p\u0159ekvapit jejich aktu\u00e1ln\u00edm reperto\u00e1rem.<\/p>\n","protected":false},"author":1,"featured_media":0,"parent":143,"menu_order":0,"comment_status":"closed","ping_status":"closed","template":"","meta":{"_acf_changed":false,"footnotes":""},"class_list":["post-152","page","type-page","status-publish","hentry"],"acf":[],"_links":{"self":[{"href":"https:\/\/www.nelen.cz\/2015\/wp-json\/wp\/v2\/pages\/152","targetHints":{"allow":["GET"]}}],"collection":[{"href":"https:\/\/www.nelen.cz\/2015\/wp-json\/wp\/v2\/pages"}],"about":[{"href":"https:\/\/www.nelen.cz\/2015\/wp-json\/wp\/v2\/types\/page"}],"author":[{"embeddable":true,"href":"https:\/\/www.nelen.cz\/2015\/wp-json\/wp\/v2\/users\/1"}],"replies":[{"embeddable":true,"href":"https:\/\/www.nelen.cz\/2015\/wp-json\/wp\/v2\/comments?post=152"}],"version-history":[{"count":0,"href":"https:\/\/www.nelen.cz\/2015\/wp-json\/wp\/v2\/pages\/152\/revisions"}],"up":[{"embeddable":true,"href":"https:\/\/www.nelen.cz\/2015\/wp-json\/wp\/v2\/pages\/143"}],"wp:attachment":[{"href":"https:\/\/www.nelen.cz\/2015\/wp-json\/wp\/v2\/media?parent=152"}],"curies":[{"name":"wp","href":"https:\/\/api.w.org\/{rel}","templated":true}]}}