{"id":16,"date":"2016-03-31T18:23:18","date_gmt":"2016-03-31T17:23:18","guid":{"rendered":"http:\/\/www.nelen.cz\/?page_id=16"},"modified":"2016-03-31T18:23:18","modified_gmt":"2016-03-31T17:23:18","slug":"zdenek-kutra","status":"publish","type":"page","link":"https:\/\/www.nelen.cz\/2015\/ucinkujici\/architektura-a-stavitelstvi\/zdenek-kutra\/","title":{"rendered":"Ing. MgA. Zden\u011bk Kutra"},"content":{"rendered":"<p><img loading=\"lazy\" decoding=\"async\" class=\"size-medium wp-image-40 alignright\" src=\"http:\/\/www.nelen.cz\/2015\/wp-content\/uploads\/sites\/2\/2016\/03\/kutra_zdenek-200x300.jpg\" alt=\"kutra_zdenek\" width=\"200\" height=\"300\" \/><\/p>\n<p>u\u010ditel a v\u00fdtvarn\u00edk, garant a moder\u00e1tor sekce architektura a stavitelstv\u00ed<\/p>\n<p>\u017dije a pracuje ve Slavi\u010d\u00edn\u011b. Na GJP u\u010d\u00ed d\u011bjiny v\u00fdtvarn\u00e9ho um\u011bn\u00ed a v\u00fdtvarnou v\u00fdchovu. Zab\u00fdval se pr\u016fmyslov\u00fdm designem, tvorbou interi\u00e9r\u016f i ve\u0159ejn\u00e9ho prostoru. Uspo\u0159\u00e1dal a nebo se pod\u00edlel na uspo\u0159\u00e1d\u00e1n\u00ed mnoha v\u00fdstav zejm\u00e9na v\u00fdtvarn\u00e9ho um\u011bn\u00ed nejen ve Slavi\u010d\u00edn\u011b. Vystavoval na \u0159ad\u011b kolektivn\u00edch v\u00fdstav a m\u00e1 na sv\u00e9m kont\u011b t\u0159icet v\u00fdstav samostatn\u00fdch. Organizoval mal\u00ed\u0159sk\u00e9 plen\u00e9ry a socha\u0159sk\u00e1 sympozia, pod\u00edlel se na obnov\u011b Pive\u010dkova lesoparku. V posledn\u00edch letech se v\u011bnuje hlavn\u011b malb\u011b a p\u0159\u00edle\u017eitostn\u011b tvorb\u011b vitr\u00e1\u017e\u00ed.<\/p>\n","protected":false},"excerpt":{"rendered":"<p>u\u010ditel a v\u00fdtvarn\u00edk, garant a moder\u00e1tor sekce architektura a stavitelstv\u00ed \u017dije a pracuje ve Slavi\u010d\u00edn\u011b. Na GJP u\u010d\u00ed d\u011bjiny v\u00fdtvarn\u00e9ho um\u011bn\u00ed a v\u00fdtvarnou v\u00fdchovu. Zab\u00fdval se pr\u016fmyslov\u00fdm designem, tvorbou interi\u00e9r\u016f i ve\u0159ejn\u00e9ho prostoru. Uspo\u0159\u00e1dal a nebo se pod\u00edlel na uspo\u0159\u00e1d\u00e1n\u00ed mnoha v\u00fdstav zejm\u00e9na v\u00fdtvarn\u00e9ho um\u011bn\u00ed nejen ve Slavi\u010d\u00edn\u011b. Vystavoval na \u0159ad\u011b kolektivn\u00edch v\u00fdstav a m\u00e1 [&hellip;]<\/p>\n","protected":false},"author":1,"featured_media":0,"parent":14,"menu_order":0,"comment_status":"closed","ping_status":"closed","template":"","meta":{"_acf_changed":false,"footnotes":""},"class_list":["post-16","page","type-page","status-publish","hentry"],"acf":[],"_links":{"self":[{"href":"https:\/\/www.nelen.cz\/2015\/wp-json\/wp\/v2\/pages\/16","targetHints":{"allow":["GET"]}}],"collection":[{"href":"https:\/\/www.nelen.cz\/2015\/wp-json\/wp\/v2\/pages"}],"about":[{"href":"https:\/\/www.nelen.cz\/2015\/wp-json\/wp\/v2\/types\/page"}],"author":[{"embeddable":true,"href":"https:\/\/www.nelen.cz\/2015\/wp-json\/wp\/v2\/users\/1"}],"replies":[{"embeddable":true,"href":"https:\/\/www.nelen.cz\/2015\/wp-json\/wp\/v2\/comments?post=16"}],"version-history":[{"count":0,"href":"https:\/\/www.nelen.cz\/2015\/wp-json\/wp\/v2\/pages\/16\/revisions"}],"up":[{"embeddable":true,"href":"https:\/\/www.nelen.cz\/2015\/wp-json\/wp\/v2\/pages\/14"}],"wp:attachment":[{"href":"https:\/\/www.nelen.cz\/2015\/wp-json\/wp\/v2\/media?parent=16"}],"curies":[{"name":"wp","href":"https:\/\/api.w.org\/{rel}","templated":true}]}}