{"id":274,"date":"2016-03-31T19:34:32","date_gmt":"2016-03-31T18:34:32","guid":{"rendered":"http:\/\/www.nelen.cz\/?page_id=274"},"modified":"2016-03-31T19:34:32","modified_gmt":"2016-03-31T18:34:32","slug":"stepan-hrabovsky","status":"publish","type":"page","link":"https:\/\/www.nelen.cz\/2015\/kontakty\/stepan-hrabovsky\/","title":{"rendered":"Bc. \u0160t\u011bp\u00e1n Hrabovsk\u00fd"},"content":{"rendered":"<p><img loading=\"lazy\" decoding=\"async\" class=\"size-full wp-image-33 alignright\" src=\"http:\/\/www.nelen.cz\/2015\/wp-content\/uploads\/sites\/2\/2016\/03\/hrabovsky_stepan.jpg\" alt=\"hrabovsky_stepan\" width=\"200\" height=\"300\" \/><\/p>\n<p>E-mail: <strong>hrabovskystepan@gmail.com<\/strong><\/p>\n<p>Telefon: <strong>737 060 981<\/strong><\/p>\n<p><em>Koordin\u00e1tor PR festivalu<\/em><\/p>\n","protected":false},"excerpt":{"rendered":"<p>E-mail: hrabovskystepan@gmail.com Telefon: 737 060 981 Koordin\u00e1tor PR festivalu<\/p>\n","protected":false},"author":1,"featured_media":0,"parent":255,"menu_order":0,"comment_status":"closed","ping_status":"closed","template":"","meta":{"_acf_changed":false,"footnotes":""},"class_list":["post-274","page","type-page","status-publish","hentry"],"acf":[],"_links":{"self":[{"href":"https:\/\/www.nelen.cz\/2015\/wp-json\/wp\/v2\/pages\/274","targetHints":{"allow":["GET"]}}],"collection":[{"href":"https:\/\/www.nelen.cz\/2015\/wp-json\/wp\/v2\/pages"}],"about":[{"href":"https:\/\/www.nelen.cz\/2015\/wp-json\/wp\/v2\/types\/page"}],"author":[{"embeddable":true,"href":"https:\/\/www.nelen.cz\/2015\/wp-json\/wp\/v2\/users\/1"}],"replies":[{"embeddable":true,"href":"https:\/\/www.nelen.cz\/2015\/wp-json\/wp\/v2\/comments?post=274"}],"version-history":[{"count":0,"href":"https:\/\/www.nelen.cz\/2015\/wp-json\/wp\/v2\/pages\/274\/revisions"}],"up":[{"embeddable":true,"href":"https:\/\/www.nelen.cz\/2015\/wp-json\/wp\/v2\/pages\/255"}],"wp:attachment":[{"href":"https:\/\/www.nelen.cz\/2015\/wp-json\/wp\/v2\/media?parent=274"}],"curies":[{"name":"wp","href":"https:\/\/api.w.org\/{rel}","templated":true}]}}