{"id":286,"date":"2016-04-02T14:50:50","date_gmt":"2016-04-02T13:50:50","guid":{"rendered":"http:\/\/www.nelen.cz\/?page_id=286"},"modified":"2016-04-02T14:50:50","modified_gmt":"2016-04-02T13:50:50","slug":"ivana-castulikova","status":"publish","type":"page","link":"https:\/\/www.nelen.cz\/2015\/kontakty\/ivana-castulikova\/","title":{"rendered":"Mgr. Ivana \u010castul\u00edkov\u00e1"},"content":{"rendered":"<p><img loading=\"lazy\" decoding=\"async\" class=\"size-full wp-image-19 alignright\" src=\"http:\/\/www.nelen.cz\/2015\/wp-content\/uploads\/sites\/2\/2016\/03\/castulikova_ivana.jpg\" alt=\"castulikova_ivana\" width=\"200\" height=\"300\" \/><\/p>\n<p>E-mail: <strong>i.castulikova@centrum.cz<\/strong>, <strong>ivana.castulikova@gmail.com<\/strong><\/p>\n<p>Telefon: <strong>737 431 041<\/strong><\/p>\n<p><em>Podpora PR festivalu<\/em><\/p>\n","protected":false},"excerpt":{"rendered":"<p>E-mail: i.castulikova@centrum.cz, ivana.castulikova@gmail.com Telefon: 737 431 041 Podpora PR festivalu<\/p>\n","protected":false},"author":1,"featured_media":0,"parent":255,"menu_order":0,"comment_status":"closed","ping_status":"closed","template":"","meta":{"_acf_changed":false,"footnotes":""},"class_list":["post-286","page","type-page","status-publish","hentry"],"acf":[],"_links":{"self":[{"href":"https:\/\/www.nelen.cz\/2015\/wp-json\/wp\/v2\/pages\/286","targetHints":{"allow":["GET"]}}],"collection":[{"href":"https:\/\/www.nelen.cz\/2015\/wp-json\/wp\/v2\/pages"}],"about":[{"href":"https:\/\/www.nelen.cz\/2015\/wp-json\/wp\/v2\/types\/page"}],"author":[{"embeddable":true,"href":"https:\/\/www.nelen.cz\/2015\/wp-json\/wp\/v2\/users\/1"}],"replies":[{"embeddable":true,"href":"https:\/\/www.nelen.cz\/2015\/wp-json\/wp\/v2\/comments?post=286"}],"version-history":[{"count":0,"href":"https:\/\/www.nelen.cz\/2015\/wp-json\/wp\/v2\/pages\/286\/revisions"}],"up":[{"embeddable":true,"href":"https:\/\/www.nelen.cz\/2015\/wp-json\/wp\/v2\/pages\/255"}],"wp:attachment":[{"href":"https:\/\/www.nelen.cz\/2015\/wp-json\/wp\/v2\/media?parent=286"}],"curies":[{"name":"wp","href":"https:\/\/api.w.org\/{rel}","templated":true}]}}