{"id":290,"date":"2016-04-02T14:54:13","date_gmt":"2016-04-02T13:54:13","guid":{"rendered":"http:\/\/www.nelen.cz\/?page_id=290"},"modified":"2016-04-02T14:54:13","modified_gmt":"2016-04-02T13:54:13","slug":"martin-dvorak","status":"publish","type":"page","link":"https:\/\/www.nelen.cz\/2015\/kontakty\/martin-dvorak\/","title":{"rendered":"Mgr. Martin Dvo\u0159\u00e1k"},"content":{"rendered":"<p><img loading=\"lazy\" decoding=\"async\" class=\"size-full wp-image-25 alignright\" src=\"http:\/\/www.nelen.cz\/2015\/wp-content\/uploads\/sites\/2\/2016\/03\/dvorak_martin.jpg\" alt=\"dvorak_martin\" width=\"200\" height=\"300\" \/><\/p>\n<p>E-mail: <strong>talafa@centrum.cz<\/strong>, <strong>lotharhofmann4@gmail.com<\/strong><\/p>\n<p>Telefon: 739 385 547<\/p>\n<p><em>Koordin\u00e1tor um\u011bleck\u00e9 str\u00e1nky festivalu<\/em><\/p>\n","protected":false},"excerpt":{"rendered":"<p>E-mail: talafa@centrum.cz, lotharhofmann4@gmail.com Telefon: 739 385 547 Koordin\u00e1tor um\u011bleck\u00e9 str\u00e1nky festivalu<\/p>\n","protected":false},"author":1,"featured_media":0,"parent":255,"menu_order":0,"comment_status":"closed","ping_status":"closed","template":"","meta":{"_acf_changed":false,"footnotes":""},"class_list":["post-290","page","type-page","status-publish","hentry"],"acf":[],"_links":{"self":[{"href":"https:\/\/www.nelen.cz\/2015\/wp-json\/wp\/v2\/pages\/290","targetHints":{"allow":["GET"]}}],"collection":[{"href":"https:\/\/www.nelen.cz\/2015\/wp-json\/wp\/v2\/pages"}],"about":[{"href":"https:\/\/www.nelen.cz\/2015\/wp-json\/wp\/v2\/types\/page"}],"author":[{"embeddable":true,"href":"https:\/\/www.nelen.cz\/2015\/wp-json\/wp\/v2\/users\/1"}],"replies":[{"embeddable":true,"href":"https:\/\/www.nelen.cz\/2015\/wp-json\/wp\/v2\/comments?post=290"}],"version-history":[{"count":0,"href":"https:\/\/www.nelen.cz\/2015\/wp-json\/wp\/v2\/pages\/290\/revisions"}],"up":[{"embeddable":true,"href":"https:\/\/www.nelen.cz\/2015\/wp-json\/wp\/v2\/pages\/255"}],"wp:attachment":[{"href":"https:\/\/www.nelen.cz\/2015\/wp-json\/wp\/v2\/media?parent=290"}],"curies":[{"name":"wp","href":"https:\/\/api.w.org\/{rel}","templated":true}]}}