{"id":352,"date":"2016-03-31T18:19:15","date_gmt":"2016-03-31T17:19:15","guid":{"rendered":"http:\/\/www.nelen.cz\/?page_id=6"},"modified":"2017-02-22T17:46:14","modified_gmt":"2017-02-22T16:46:14","slug":"nelen","status":"publish","type":"page","link":"https:\/\/www.nelen.cz\/2015\/nelen\/","title":{"rendered":"nele\u0148!"},"content":{"rendered":"<table style=\"width: 100%; text-align: justify; border-collapse: collapse; margin-top: 20px; margin-bottom: 20px;\">\n<tbody>\n<tr>\n<td style=\"width: 30%; border: 2px solid white; padding: 30px;\"><img loading=\"lazy\" decoding=\"async\" class=\"wp-image-351 aligncenter\" src=\"http:\/\/www.nelen.cz\/2015\/wp-content\/uploads\/sites\/2\/2016\/03\/logo.png\" alt=\"\" width=\"188\" height=\"188\" srcset=\"https:\/\/www.nelen.cz\/2015\/wp-content\/uploads\/sites\/2\/2016\/03\/logo.png 400w, https:\/\/www.nelen.cz\/2015\/wp-content\/uploads\/sites\/2\/2016\/03\/logo-150x150.png 150w, https:\/\/www.nelen.cz\/2015\/wp-content\/uploads\/sites\/2\/2016\/03\/logo-300x300.png 300w\" sizes=\"auto, (max-width: 188px) 100vw, 188px\" \/><\/td>\n<td style=\"border: 2px solid white; font-size: 70px; padding: 30px;\">multi\u017e\u00e1nrov\u00fd<br \/>\nfestival<br \/>\npro v\u0161echny<\/td>\n<\/tr>\n<tr>\n<td style=\"border: 2px solid white; font-size: 90px; padding: 30px;\"><strong>17.-18.<\/strong><br \/>\n<strong> 10.2015<\/strong><\/td>\n<td style=\"border: 2px solid white; font-size: 70px; padding: 30px;\"><strong>slavi\u010d\u00edn<\/strong><br \/>\nsokolovna<br \/>\nhor\u00e1kova vila<\/td>\n<\/tr>\n<\/tbody>\n<\/table>\n","protected":false},"excerpt":{"rendered":"<p>multi\u017e\u00e1nrov\u00fd festival pro v\u0161echny 17.-18. 10.2015 slavi\u010d\u00edn sokolovna hor\u00e1kova vila<\/p>\n","protected":false},"author":1,"featured_media":0,"parent":0,"menu_order":-10,"comment_status":"closed","ping_status":"closed","template":"","meta":{"_acf_changed":false,"footnotes":""},"class_list":["post-352","page","type-page","status-publish","hentry"],"acf":[],"_links":{"self":[{"href":"https:\/\/www.nelen.cz\/2015\/wp-json\/wp\/v2\/pages\/352","targetHints":{"allow":["GET"]}}],"collection":[{"href":"https:\/\/www.nelen.cz\/2015\/wp-json\/wp\/v2\/pages"}],"about":[{"href":"https:\/\/www.nelen.cz\/2015\/wp-json\/wp\/v2\/types\/page"}],"author":[{"embeddable":true,"href":"https:\/\/www.nelen.cz\/2015\/wp-json\/wp\/v2\/users\/1"}],"replies":[{"embeddable":true,"href":"https:\/\/www.nelen.cz\/2015\/wp-json\/wp\/v2\/comments?post=352"}],"version-history":[{"count":1,"href":"https:\/\/www.nelen.cz\/2015\/wp-json\/wp\/v2\/pages\/352\/revisions"}],"predecessor-version":[{"id":438,"href":"https:\/\/www.nelen.cz\/2015\/wp-json\/wp\/v2\/pages\/352\/revisions\/438"}],"wp:attachment":[{"href":"https:\/\/www.nelen.cz\/2015\/wp-json\/wp\/v2\/media?parent=352"}],"curies":[{"name":"wp","href":"https:\/\/api.w.org\/{rel}","templated":true}]}}