{"id":56,"date":"2016-03-31T18:26:15","date_gmt":"2016-03-31T17:26:15","guid":{"rendered":"http:\/\/www.nelen.cz\/?page_id=56"},"modified":"2016-03-31T18:26:15","modified_gmt":"2016-03-31T17:26:15","slug":"roman-belzik","status":"publish","type":"page","link":"https:\/\/www.nelen.cz\/2015\/ucinkujici\/architektura-a-stavitelstvi\/roman-belzik\/","title":{"rendered":"Ing. Roman Bel\u017e\u00edk"},"content":{"rendered":"<p><img loading=\"lazy\" decoding=\"async\" class=\"size-medium wp-image-18 alignright\" src=\"http:\/\/www.nelen.cz\/2015\/wp-content\/uploads\/sites\/2\/2016\/03\/belzik_roman-200x300.jpg\" alt=\"belzik_roman\" width=\"200\" height=\"300\" \/><\/p>\n<p>projektant<\/p>\n<p>Poch\u00e1z\u00edm z mal\u00e9 vesni\u010dky jm\u00e9nem Rudimov. Po absolvov\u00e1n\u00ed st\u0159edn\u00ed \u0161koly stavebn\u00ed ve Vala\u0161sk\u00e9m Mezi\u0159\u00edc\u00ed a n\u00e1sledn\u011b vysok\u00e9 \u0161koly stavebn\u00ed v Brn\u011b, jsem se r\u00e1d vr\u00e1til do na\u0161ich kon\u010din. Moment\u00e1ln\u00ed pracuji jako OSV\u010c a zab\u00fdv\u00e1m se projektov\u00e1n\u00edm pozemn\u00edch staveb. Obor je m\u00fdm kon\u00ed\u010dkem, za co\u017e jsem moc vd\u011b\u010dn\u00fd. M\u016fj voln\u00fd \u010das r\u00e1d vypl\u0148uji po\u0159\u00e1d\u00e1n\u00edm koncert\u016f, cestov\u00e1n\u00edm, sportem a debaty s p\u0159\u00e1teli u dobr\u00e9 k\u00e1vy.<\/p>\n","protected":false},"excerpt":{"rendered":"<p>projektant Poch\u00e1z\u00edm z mal\u00e9 vesni\u010dky jm\u00e9nem Rudimov. Po absolvov\u00e1n\u00ed st\u0159edn\u00ed \u0161koly stavebn\u00ed ve Vala\u0161sk\u00e9m Mezi\u0159\u00edc\u00ed a n\u00e1sledn\u011b vysok\u00e9 \u0161koly stavebn\u00ed v Brn\u011b, jsem se r\u00e1d vr\u00e1til do na\u0161ich kon\u010din. Moment\u00e1ln\u00ed pracuji jako OSV\u010c a zab\u00fdv\u00e1m se projektov\u00e1n\u00edm pozemn\u00edch staveb. Obor je m\u00fdm kon\u00ed\u010dkem, za co\u017e jsem moc vd\u011b\u010dn\u00fd. M\u016fj voln\u00fd \u010das r\u00e1d vypl\u0148uji po\u0159\u00e1d\u00e1n\u00edm koncert\u016f, [&hellip;]<\/p>\n","protected":false},"author":1,"featured_media":0,"parent":14,"menu_order":0,"comment_status":"closed","ping_status":"closed","template":"","meta":{"_acf_changed":false,"footnotes":""},"class_list":["post-56","page","type-page","status-publish","hentry"],"acf":[],"_links":{"self":[{"href":"https:\/\/www.nelen.cz\/2015\/wp-json\/wp\/v2\/pages\/56","targetHints":{"allow":["GET"]}}],"collection":[{"href":"https:\/\/www.nelen.cz\/2015\/wp-json\/wp\/v2\/pages"}],"about":[{"href":"https:\/\/www.nelen.cz\/2015\/wp-json\/wp\/v2\/types\/page"}],"author":[{"embeddable":true,"href":"https:\/\/www.nelen.cz\/2015\/wp-json\/wp\/v2\/users\/1"}],"replies":[{"embeddable":true,"href":"https:\/\/www.nelen.cz\/2015\/wp-json\/wp\/v2\/comments?post=56"}],"version-history":[{"count":0,"href":"https:\/\/www.nelen.cz\/2015\/wp-json\/wp\/v2\/pages\/56\/revisions"}],"up":[{"embeddable":true,"href":"https:\/\/www.nelen.cz\/2015\/wp-json\/wp\/v2\/pages\/14"}],"wp:attachment":[{"href":"https:\/\/www.nelen.cz\/2015\/wp-json\/wp\/v2\/media?parent=56"}],"curies":[{"name":"wp","href":"https:\/\/api.w.org\/{rel}","templated":true}]}}