{"id":68,"date":"2016-03-31T18:31:31","date_gmt":"2016-03-31T17:31:31","guid":{"rendered":"http:\/\/www.nelen.cz\/?page_id=68"},"modified":"2016-03-31T18:31:31","modified_gmt":"2016-03-31T17:31:31","slug":"umeni","status":"publish","type":"page","link":"https:\/\/www.nelen.cz\/2015\/ucinkujici\/umeni\/","title":{"rendered":"um\u011bn\u00ed"},"content":{"rendered":"<p>seznam \u00fa\u010dinkuj\u00edc\u00edch v sekci um\u011bn\u00ed:<\/p>\n","protected":false},"excerpt":{"rendered":"<p>seznam \u00fa\u010dinkuj\u00edc\u00edch v sekci um\u011bn\u00ed:<\/p>\n","protected":false},"author":1,"featured_media":0,"parent":12,"menu_order":0,"comment_status":"closed","ping_status":"closed","template":"","meta":{"_acf_changed":false,"footnotes":""},"class_list":["post-68","page","type-page","status-publish","hentry"],"acf":[],"_links":{"self":[{"href":"https:\/\/www.nelen.cz\/2015\/wp-json\/wp\/v2\/pages\/68","targetHints":{"allow":["GET"]}}],"collection":[{"href":"https:\/\/www.nelen.cz\/2015\/wp-json\/wp\/v2\/pages"}],"about":[{"href":"https:\/\/www.nelen.cz\/2015\/wp-json\/wp\/v2\/types\/page"}],"author":[{"embeddable":true,"href":"https:\/\/www.nelen.cz\/2015\/wp-json\/wp\/v2\/users\/1"}],"replies":[{"embeddable":true,"href":"https:\/\/www.nelen.cz\/2015\/wp-json\/wp\/v2\/comments?post=68"}],"version-history":[{"count":0,"href":"https:\/\/www.nelen.cz\/2015\/wp-json\/wp\/v2\/pages\/68\/revisions"}],"up":[{"embeddable":true,"href":"https:\/\/www.nelen.cz\/2015\/wp-json\/wp\/v2\/pages\/12"}],"wp:attachment":[{"href":"https:\/\/www.nelen.cz\/2015\/wp-json\/wp\/v2\/media?parent=68"}],"curies":[{"name":"wp","href":"https:\/\/api.w.org\/{rel}","templated":true}]}}