{"id":78,"date":"2016-03-31T18:36:55","date_gmt":"2016-03-31T17:36:55","guid":{"rendered":"http:\/\/www.nelen.cz\/?page_id=78"},"modified":"2016-03-31T18:36:55","modified_gmt":"2016-03-31T17:36:55","slug":"eva-jancekova","status":"publish","type":"page","link":"https:\/\/www.nelen.cz\/2015\/ucinkujici\/umeni\/eva-jancekova\/","title":{"rendered":"BcA. Eva Jan\u010dekov\u00e1"},"content":{"rendered":"<p><img loading=\"lazy\" decoding=\"async\" class=\"size-medium wp-image-36 alignright\" src=\"http:\/\/www.nelen.cz\/2015\/wp-content\/uploads\/sites\/2\/2016\/03\/jancekova_eva-200x300.jpg\" alt=\"jancekova_eva\" width=\"200\" height=\"300\" \/><\/p>\n<p>socha\u0159ka<\/p>\n<p>Jsem socha\u0159kou. Tento obor jsem za\u010dala studovat na St\u0159edn\u00ed um\u011bleckopr\u016fmyslov\u00e9 \u0161kole v Uhersk\u00e9m Hradi\u0161ti. Pot\u00e9 rok u Ak.soch. Radima Hankeho na VO\u0160 um\u011bn\u00ed ve Zl\u00edn\u011b. Odtud jsem p\u0159esedlala na Ostravskou Univerzitu v Ostrav\u011b, tak\u00e9 na socha\u0159skou tvorbu a to k Doc. Mgr. Jaroslav Kol\u00e9\u0161kovi, ArtD. Pod jeho veden\u00edm studuji aktu\u00e1ln\u011b v magistersk\u00e9m studijn\u00edm programu. V tvorb\u011b pou\u017e\u00edv\u00e1m klasick\u00e9 socha\u0159sk\u00e9 materi\u00e1ly, od kamene, k s\u00e1d\u0159e, p\u0159es keramiku a\u017e k lamin\u00e1tu. Mou tvorbu jste tento rok mohli vid\u011bt v Dole Hlubina v Doln\u00ed oblasti V\u00edtkovic a nebo v Dole Michal v Mich\u00e1lkovic\u00edch. Prim\u00e1rn\u011b se zam\u011b\u0159uji na nefigurativn\u00ed tvorbu. V\u011bt\u0161ina d\u011bl se t\u00fdk\u00e1 lidsk\u00e9ho po\u010d\u00edn\u00e1n\u00ed bez p\u0159\u00edtomnosti \u010dlov\u011bka jako takov\u00e9ho. O d\u016fsledc\u00edch na\u0161ich \u010din\u016f. A\u0165 u\u017e jsou to d\u016fsledky v\u00e1\u017en\u00e9 nebo malichern\u00e9. Od drancov\u00e1n\u00ed planety po neustlanou postel. T\u011b\u017ekop\u00e1dn\u00e1 t\u00e9mata se sna\u017e\u00edm vyv\u00e1\u017eit vtipem a nads\u00e1zkou. Jednodu\u0161e d\u011bl\u00e1m co m\u011b bav\u00ed a ostatn\u00ed se na to mus\u00ed d\u00edvat.<\/p>\n","protected":false},"excerpt":{"rendered":"<p>socha\u0159ka Jsem socha\u0159kou. Tento obor jsem za\u010dala studovat na St\u0159edn\u00ed um\u011bleckopr\u016fmyslov\u00e9 \u0161kole v Uhersk\u00e9m Hradi\u0161ti. Pot\u00e9 rok u Ak.soch. Radima Hankeho na VO\u0160 um\u011bn\u00ed ve Zl\u00edn\u011b. Odtud jsem p\u0159esedlala na Ostravskou Univerzitu v Ostrav\u011b, tak\u00e9 na socha\u0159skou tvorbu a to k Doc. Mgr. Jaroslav Kol\u00e9\u0161kovi, ArtD. Pod jeho veden\u00edm studuji aktu\u00e1ln\u011b v magistersk\u00e9m studijn\u00edm programu. [&hellip;]<\/p>\n","protected":false},"author":1,"featured_media":0,"parent":68,"menu_order":0,"comment_status":"closed","ping_status":"closed","template":"","meta":{"_acf_changed":false,"footnotes":""},"class_list":["post-78","page","type-page","status-publish","hentry"],"acf":[],"_links":{"self":[{"href":"https:\/\/www.nelen.cz\/2015\/wp-json\/wp\/v2\/pages\/78","targetHints":{"allow":["GET"]}}],"collection":[{"href":"https:\/\/www.nelen.cz\/2015\/wp-json\/wp\/v2\/pages"}],"about":[{"href":"https:\/\/www.nelen.cz\/2015\/wp-json\/wp\/v2\/types\/page"}],"author":[{"embeddable":true,"href":"https:\/\/www.nelen.cz\/2015\/wp-json\/wp\/v2\/users\/1"}],"replies":[{"embeddable":true,"href":"https:\/\/www.nelen.cz\/2015\/wp-json\/wp\/v2\/comments?post=78"}],"version-history":[{"count":0,"href":"https:\/\/www.nelen.cz\/2015\/wp-json\/wp\/v2\/pages\/78\/revisions"}],"up":[{"embeddable":true,"href":"https:\/\/www.nelen.cz\/2015\/wp-json\/wp\/v2\/pages\/68"}],"wp:attachment":[{"href":"https:\/\/www.nelen.cz\/2015\/wp-json\/wp\/v2\/media?parent=78"}],"curies":[{"name":"wp","href":"https:\/\/api.w.org\/{rel}","templated":true}]}}