{"id":84,"date":"2016-03-31T18:40:35","date_gmt":"2016-03-31T17:40:35","guid":{"rendered":"http:\/\/www.nelen.cz\/?page_id=84"},"modified":"2016-03-31T18:40:35","modified_gmt":"2016-03-31T17:40:35","slug":"richard-cerny","status":"publish","type":"page","link":"https:\/\/www.nelen.cz\/2015\/ucinkujici\/spolecenske-vedy\/richard-cerny\/","title":{"rendered":"Mgr. Richard \u010cern\u00fd"},"content":{"rendered":"<p><img loading=\"lazy\" decoding=\"async\" class=\"size-medium wp-image-20 alignright\" src=\"http:\/\/www.nelen.cz\/2015\/wp-content\/uploads\/sites\/2\/2016\/03\/cerny_richard-200x300.jpg\" alt=\"cerny_richard\" width=\"200\" height=\"300\" \/><\/p>\n<p>obchodn\u00edk, garant a moder\u00e1tor sekce spole\u010densk\u00e9 v\u011bdy<\/p>\n<p>Vystudoval jsem obor sociologie na MU Brno, v oblasti sociologick\u00e9ho v\u00fdzkumu jsem tak\u00e9 n\u011bkolik let pracoval. Postupn\u011b jsem se dostal pracovn\u011b sp\u00ed\u0161e k obchodn\u00ed sf\u00e9\u0159e, nicm\u00e9n\u011b s oborem se st\u00e1le sna\u017e\u00edm neztr\u00e1cet kontakt d\u00edky nekon\u010d\u00edc\u00edmu vzd\u011bl\u00e1v\u00e1n\u00ed a \u010detb\u011b. V na\u0161em mikroregionu se aktivn\u011b pod\u00edl\u00edm na kulturn\u00edch akc\u00edch a aktiv\u00edt\u00e1ch, p\u0159ev\u00e1\u017en\u011b spojen\u00fdch s Unartem, p\u0159\u00edpadn\u011b dal\u0161\u00edmi region\u00e1ln\u00edmi skupinami. Ve voln\u00e9m \u010dase aktivn\u011b sportuji, jsem v\u00e1\u0161niv\u00fdm \u010dten\u00e1\u0159em a filmov\u00fdm fandou.<\/p>\n","protected":false},"excerpt":{"rendered":"<p>obchodn\u00edk, garant a moder\u00e1tor sekce spole\u010densk\u00e9 v\u011bdy Vystudoval jsem obor sociologie na MU Brno, v oblasti sociologick\u00e9ho v\u00fdzkumu jsem tak\u00e9 n\u011bkolik let pracoval. Postupn\u011b jsem se dostal pracovn\u011b sp\u00ed\u0161e k obchodn\u00ed sf\u00e9\u0159e, nicm\u00e9n\u011b s oborem se st\u00e1le sna\u017e\u00edm neztr\u00e1cet kontakt d\u00edky nekon\u010d\u00edc\u00edmu vzd\u011bl\u00e1v\u00e1n\u00ed a \u010detb\u011b. V na\u0161em mikroregionu se aktivn\u011b pod\u00edl\u00edm na kulturn\u00edch akc\u00edch a [&hellip;]<\/p>\n","protected":false},"author":1,"featured_media":0,"parent":82,"menu_order":0,"comment_status":"closed","ping_status":"closed","template":"","meta":{"_acf_changed":false,"footnotes":""},"class_list":["post-84","page","type-page","status-publish","hentry"],"acf":[],"_links":{"self":[{"href":"https:\/\/www.nelen.cz\/2015\/wp-json\/wp\/v2\/pages\/84","targetHints":{"allow":["GET"]}}],"collection":[{"href":"https:\/\/www.nelen.cz\/2015\/wp-json\/wp\/v2\/pages"}],"about":[{"href":"https:\/\/www.nelen.cz\/2015\/wp-json\/wp\/v2\/types\/page"}],"author":[{"embeddable":true,"href":"https:\/\/www.nelen.cz\/2015\/wp-json\/wp\/v2\/users\/1"}],"replies":[{"embeddable":true,"href":"https:\/\/www.nelen.cz\/2015\/wp-json\/wp\/v2\/comments?post=84"}],"version-history":[{"count":0,"href":"https:\/\/www.nelen.cz\/2015\/wp-json\/wp\/v2\/pages\/84\/revisions"}],"up":[{"embeddable":true,"href":"https:\/\/www.nelen.cz\/2015\/wp-json\/wp\/v2\/pages\/82"}],"wp:attachment":[{"href":"https:\/\/www.nelen.cz\/2015\/wp-json\/wp\/v2\/media?parent=84"}],"curies":[{"name":"wp","href":"https:\/\/api.w.org\/{rel}","templated":true}]}}