{"id":99,"date":"2016-03-31T18:47:02","date_gmt":"2016-03-31T17:47:02","guid":{"rendered":"http:\/\/www.nelen.cz\/?page_id=99"},"modified":"2016-03-31T18:47:02","modified_gmt":"2016-03-31T17:47:02","slug":"veda-a-vyzkum","status":"publish","type":"page","link":"https:\/\/www.nelen.cz\/2015\/ucinkujici\/veda-a-vyzkum\/","title":{"rendered":"v\u011bda a v\u00fdzkum"},"content":{"rendered":"<p>Sekce se zam\u011b\u0159uje na sezn\u00e1men\u00ed ve\u0159ejnosti se sv\u011btem p\u0159\u00edrodn\u00edch v\u011bd a v\u00fdzkumu. By\u0165 se s v\u011bdou v\u00fdzkumem setk\u00e1v\u00e1me t\u00e9m\u011b\u0159 ka\u017ed\u00fd den, \u010dasto si to ani neuv\u011bdomujeme. C\u00edlem je uk\u00e1zat v\u00fdznam v\u011bdy v praktick\u00e9m \u017eivot\u011b a p\u0159ibl\u00ed\u017eit slo\u017eitou problematiku v\u00fdzkumu v\u0161em.<\/p>\n<div class=\"performers-list\">\n<p>seznam \u00fa\u010dinkuj\u00edc\u00edch v sekci v\u011bda a v\u00fdzkum:<\/p>\n<\/div>\n","protected":false},"excerpt":{"rendered":"<p>Sekce se zam\u011b\u0159uje na sezn\u00e1men\u00ed ve\u0159ejnosti se sv\u011btem p\u0159\u00edrodn\u00edch v\u011bd a v\u00fdzkumu. By\u0165 se s v\u011bdou v\u00fdzkumem setk\u00e1v\u00e1me t\u00e9m\u011b\u0159 ka\u017ed\u00fd den, \u010dasto si to ani neuv\u011bdomujeme. C\u00edlem je uk\u00e1zat v\u00fdznam v\u011bdy v praktick\u00e9m \u017eivot\u011b a p\u0159ibl\u00ed\u017eit slo\u017eitou problematiku v\u00fdzkumu v\u0161em. seznam \u00fa\u010dinkuj\u00edc\u00edch v sekci v\u011bda a v\u00fdzkum:<\/p>\n","protected":false},"author":1,"featured_media":0,"parent":12,"menu_order":0,"comment_status":"closed","ping_status":"closed","template":"","meta":{"_acf_changed":false,"footnotes":""},"class_list":["post-99","page","type-page","status-publish","hentry"],"acf":[],"_links":{"self":[{"href":"https:\/\/www.nelen.cz\/2015\/wp-json\/wp\/v2\/pages\/99","targetHints":{"allow":["GET"]}}],"collection":[{"href":"https:\/\/www.nelen.cz\/2015\/wp-json\/wp\/v2\/pages"}],"about":[{"href":"https:\/\/www.nelen.cz\/2015\/wp-json\/wp\/v2\/types\/page"}],"author":[{"embeddable":true,"href":"https:\/\/www.nelen.cz\/2015\/wp-json\/wp\/v2\/users\/1"}],"replies":[{"embeddable":true,"href":"https:\/\/www.nelen.cz\/2015\/wp-json\/wp\/v2\/comments?post=99"}],"version-history":[{"count":0,"href":"https:\/\/www.nelen.cz\/2015\/wp-json\/wp\/v2\/pages\/99\/revisions"}],"up":[{"embeddable":true,"href":"https:\/\/www.nelen.cz\/2015\/wp-json\/wp\/v2\/pages\/12"}],"wp:attachment":[{"href":"https:\/\/www.nelen.cz\/2015\/wp-json\/wp\/v2\/media?parent=99"}],"curies":[{"name":"wp","href":"https:\/\/api.w.org\/{rel}","templated":true}]}}