{"id":1433,"date":"2017-07-08T14:59:54","date_gmt":"2017-07-08T12:59:54","guid":{"rendered":"https:\/\/www.nelen.cz\/?page_id=1433"},"modified":"2017-07-08T14:59:54","modified_gmt":"2017-07-08T12:59:54","slug":"daruj-knihu","status":"publish","type":"page","link":"https:\/\/www.nelen.cz\/2019\/daruj-knihu\/","title":{"rendered":"Daruj knihu"},"content":{"rendered":"<p>Chceme si v na\u0161em m\u011bst\u011b dob\u0159e \u017e\u00edt a taky \u010d\u00edst. Proto, \u201eDaruj knihu!\u201c. Letos u\u017e t\u0159\u00edlet\u00fd projekt Nele\u0148! komunity zac\u00edlen\u00fd na na\u0161i M\u011bstskou knihovnu, kter\u00e1 n\u00e1m od po\u010d\u00e1tku fungov\u00e1n\u00ed festivalu zaji\u0161\u0165uje p\u0159\u00edst\u0159e\u0161\u00ed i podporu. V\u00e1\u017e\u00edme si toho a ka\u017edoro\u010dn\u011b do fondu knih v\u011bnujeme n\u011bkolik perel z na\u0161ich vlastn\u00edch knihoven. Nele\u0148! poli\u010dka v Hor\u00e1kov\u011b vile dnes \u010d\u00edt\u00e1 na dv\u011b des\u00edtky skv\u011bl\u00fdch knih z v\u011bdy, kultury \u010di r\u016fzn\u00fdch odv\u011btv\u00ed. T\u0159eba se spole\u010dn\u011b s n\u00e1mi domn\u00edv\u00e1te, \u017ee si knihovna zaslou\u017e\u00ed ka\u017ed\u00fd rok n\u011bjak\u00fd mal\u00fd d\u00e1rek. Pak se p\u0159idejte, vemte s sebou na Nele\u0148! 2019 knihu a dejte ji do ruky organiz\u00e1tor\u016fm. My se postar\u00e1me o to, aby m\u011bla sv\u00e9 m\u00edsto v knihovn\u011b i srdci slavi\u010d\u00ednsk\u00fdch \u010dten\u00e1\u0159\u016f.<\/p>\n","protected":false},"excerpt":{"rendered":"<p>Chceme si v na\u0161em m\u011bst\u011b dob\u0159e \u017e\u00edt a taky \u010d\u00edst. Proto, \u201eDaruj knihu!\u201c. Letos u\u017e t\u0159\u00edlet\u00fd projekt Nele\u0148! komunity zac\u00edlen\u00fd na na\u0161i M\u011bstskou knihovnu, kter\u00e1 n\u00e1m od po\u010d\u00e1tku fungov\u00e1n\u00ed festivalu zaji\u0161\u0165uje p\u0159\u00edst\u0159e\u0161\u00ed i podporu. V\u00e1\u017e\u00edme si toho a ka\u017edoro\u010dn\u011b do fondu knih v\u011bnujeme n\u011bkolik perel z na\u0161ich vlastn\u00edch knihoven. Nele\u0148! poli\u010dka v Hor\u00e1kov\u011b vile dnes [&hellip;]<\/p>\n","protected":false},"author":1,"featured_media":0,"parent":0,"menu_order":0,"comment_status":"closed","ping_status":"closed","template":"","meta":{"_acf_changed":false,"footnotes":""},"class_list":["post-1433","page","type-page","status-publish","hentry"],"acf":[],"_links":{"self":[{"href":"https:\/\/www.nelen.cz\/2019\/wp-json\/wp\/v2\/pages\/1433","targetHints":{"allow":["GET"]}}],"collection":[{"href":"https:\/\/www.nelen.cz\/2019\/wp-json\/wp\/v2\/pages"}],"about":[{"href":"https:\/\/www.nelen.cz\/2019\/wp-json\/wp\/v2\/types\/page"}],"author":[{"embeddable":true,"href":"https:\/\/www.nelen.cz\/2019\/wp-json\/wp\/v2\/users\/1"}],"replies":[{"embeddable":true,"href":"https:\/\/www.nelen.cz\/2019\/wp-json\/wp\/v2\/comments?post=1433"}],"version-history":[{"count":0,"href":"https:\/\/www.nelen.cz\/2019\/wp-json\/wp\/v2\/pages\/1433\/revisions"}],"wp:attachment":[{"href":"https:\/\/www.nelen.cz\/2019\/wp-json\/wp\/v2\/media?parent=1433"}],"curies":[{"name":"wp","href":"https:\/\/api.w.org\/{rel}","templated":true}]}}