{"id":1378,"date":"2017-04-08T16:15:58","date_gmt":"2017-04-08T14:15:58","guid":{"rendered":"https:\/\/www.nelen.cz\/?page_id=1378"},"modified":"2017-04-08T16:15:58","modified_gmt":"2017-04-08T14:15:58","slug":"historie","status":"publish","type":"page","link":"https:\/\/www.nelen.cz\/2024\/historie\/","title":{"rendered":"Historie"},"content":{"rendered":"\n<h3 class=\"wp-block-heading\"><a href=\"https:\/\/www.nelen.cz\/2024\/2019\/\" data-type=\"link\" data-id=\"https:\/\/www.nelen.cz\/2019\/\" target=\"_blank\" rel=\"noreferrer noopener\">Nele\u0148! 2019<\/a><\/h3>\n\n\n\n<h3 class=\"wp-block-heading\"><a href=\"https:\/\/www.nelen.cz\/2024\/2018\/\" target=\"_blank\" rel=\"noopener noreferrer\">Nele\u0148! 2018<\/a><\/h3>\n\n\n\n<h3 class=\"wp-block-heading\"><a href=\"https:\/\/www.nelen.cz\/2024\/2017\/\" target=\"_blank\" rel=\"noopener noreferrer\">Nele\u0148! 2017<\/a><\/h3>\n\n\n\n<h3 class=\"wp-block-heading\"><a href=\"https:\/\/www.nelen.cz\/2024\/2016\/\" target=\"_blank\" rel=\"noopener noreferrer\">Nele\u0148! 2016<\/a><\/h3>\n\n\n\n<h3 class=\"wp-block-heading\"><a href=\"https:\/\/www.nelen.cz\/2024\/2015\/\" target=\"_blank\" rel=\"noopener noreferrer\">Nele\u0148! 2015<\/a><\/h3>\n","protected":false},"excerpt":{"rendered":"<p>Nele\u0148! 2019 Nele\u0148! 2018 Nele\u0148! 2017 Nele\u0148! 2016 Nele\u0148! 2015<\/p>\n","protected":false},"author":1,"featured_media":0,"parent":0,"menu_order":0,"comment_status":"closed","ping_status":"closed","template":"","meta":{"_acf_changed":false,"footnotes":""},"class_list":["post-1378","page","type-page","status-publish","hentry"],"acf":[],"_links":{"self":[{"href":"https:\/\/www.nelen.cz\/2024\/wp-json\/wp\/v2\/pages\/1378","targetHints":{"allow":["GET"]}}],"collection":[{"href":"https:\/\/www.nelen.cz\/2024\/wp-json\/wp\/v2\/pages"}],"about":[{"href":"https:\/\/www.nelen.cz\/2024\/wp-json\/wp\/v2\/types\/page"}],"author":[{"embeddable":true,"href":"https:\/\/www.nelen.cz\/2024\/wp-json\/wp\/v2\/users\/1"}],"replies":[{"embeddable":true,"href":"https:\/\/www.nelen.cz\/2024\/wp-json\/wp\/v2\/comments?post=1378"}],"version-history":[{"count":0,"href":"https:\/\/www.nelen.cz\/2024\/wp-json\/wp\/v2\/pages\/1378\/revisions"}],"wp:attachment":[{"href":"https:\/\/www.nelen.cz\/2024\/wp-json\/wp\/v2\/media?parent=1378"}],"curies":[{"name":"wp","href":"https:\/\/api.w.org\/{rel}","templated":true}]}}